{"id":9,"date":"2020-03-18T21:39:47","date_gmt":"2020-03-18T20:39:47","guid":{"rendered":"http:\/\/etienne-chauffage.fr\/?page_id=9"},"modified":"2020-03-18T22:30:39","modified_gmt":"2020-03-18T21:30:39","slug":"a-propos-de","status":"publish","type":"page","link":"https:\/\/etienne-chauffage.fr\/?page_id=9","title":{"rendered":"Chauffage"},"content":{"rendered":"<p>Pompe \u00e0 chaleur<\/p>\n<p>Po\u00eble &amp; Chaudi\u00e8re \u00e0 bois<\/p>\n<p>Chaudi\u00e8re au gaz<\/p>\n<p>Chaudi\u00e8re au fuel<\/p>\n<p>&#8230;<\/p>\n<p>Climatisation &amp; VMC<\/p>\n<p>D\u00e9pannage<\/p>\n<p>Entretien<\/p>\n","protected":false},"excerpt":{"rendered":"<p>Pompe \u00e0 chaleur Po\u00eble &amp; Chaudi\u00e8re \u00e0 bois Chaudi\u00e8re au gaz Chaudi\u00e8re au fuel &#8230; Climatisation &amp; VMC D\u00e9pannage Entretien<\/p>\n","protected":false},"author":1,"featured_media":36,"parent":0,"menu_order":0,"comment_status":"closed","ping_status":"closed","template":"","meta":[],"_links":{"self":[{"href":"https:\/\/etienne-chauffage.fr\/index.php?rest_route=\/wp\/v2\/pages\/9"}],"collection":[{"href":"https:\/\/etienne-chauffage.fr\/index.php?rest_route=\/wp\/v2\/pages"}],"about":[{"href":"https:\/\/etienne-chauffage.fr\/index.php?rest_route=\/wp\/v2\/types\/page"}],"author":[{"embeddable":true,"href":"https:\/\/etienne-chauffage.fr\/index.php?rest_route=\/wp\/v2\/users\/1"}],"replies":[{"embeddable":true,"href":"https:\/\/etienne-chauffage.fr\/index.php?rest_route=%2Fwp%2Fv2%2Fcomments&post=9"}],"version-history":[{"count":3,"href":"https:\/\/etienne-chauffage.fr\/index.php?rest_route=\/wp\/v2\/pages\/9\/revisions"}],"predecessor-version":[{"id":48,"href":"https:\/\/etienne-chauffage.fr\/index.php?rest_route=\/wp\/v2\/pages\/9\/revisions\/48"}],"wp:featuredmedia":[{"embeddable":true,"href":"https:\/\/etienne-chauffage.fr\/index.php?rest_route=\/wp\/v2\/media\/36"}],"wp:attachment":[{"href":"https:\/\/etienne-chauffage.fr\/index.php?rest_route=%2Fwp%2Fv2%2Fmedia&parent=9"}],"curies":[{"name":"wp","href":"https:\/\/api.w.org\/{rel}","templated":true}]}}