{"id":70,"date":"2020-03-18T23:50:48","date_gmt":"2020-03-18T22:50:48","guid":{"rendered":"http:\/\/etienne-chauffage.fr\/?page_id=70"},"modified":"2020-03-19T00:26:50","modified_gmt":"2020-03-18T23:26:50","slug":"certifications","status":"publish","type":"page","link":"https:\/\/etienne-chauffage.fr\/?page_id=70","title":{"rendered":"Certifications"},"content":{"rendered":"\n<p>      <\/p>\n\n\n\n<div class=\"wp-block-image\"><figure class=\"alignleft is-resized\"><img loading=\"lazy\" src=\"http:\/\/etienne-chauffage.fr\/wp-content\/uploads\/2020\/03\/logo-QualiPAC-2020-RGE-png.png\" alt=\"\" class=\"wp-image-80\" width=\"113\" height=\"74\"\/><\/figure><\/div>\n\n\n\n<p><strong>Quali PAC<\/strong><\/p>\n\n\n\n<p>Veritas,  Mise en service,  Entretien<br><\/p>\n\n\n\n<p><\/p>\n\n\n\n<div class=\"wp-block-image\"><figure class=\"alignleft is-resized\"><img loading=\"lazy\" src=\"http:\/\/etienne-chauffage.fr\/wp-content\/uploads\/2020\/03\/20150416-1532-qualiboiseau_g.jpg\" alt=\"\" class=\"wp-image-83\" width=\"118\" height=\"94\"\/><\/figure><\/div>\n\n\n\n<p><strong>Quali Bois EAU<\/strong><\/p>\n\n\n\n<p>Chaudi\u00e8re \u00e0 Granul\u00e9s, Plaquettes, B\u00fbches<br><br><\/p>\n\n\n\n<div class=\"wp-block-image\"><figure class=\"alignleft is-resized\"><img loading=\"lazy\" src=\"http:\/\/etienne-chauffage.fr\/wp-content\/uploads\/2020\/03\/20150416-1528-qualiboisair_g-1.jpg\" alt=\"\" class=\"wp-image-84\" width=\"113\" height=\"90\"\/><\/figure><\/div>\n\n\n\n<p><strong>Quali Bois AIR<\/strong><\/p>\n\n\n\n<p>Po\u00ebles \u00e0 bois<br><br><\/p>\n\n\n\n<div class=\"wp-block-image\"><figure class=\"alignleft is-resized\"><img loading=\"lazy\" src=\"http:\/\/etienne-chauffage.fr\/wp-content\/uploads\/2020\/03\/logo-qualibat-rge-1024x819.jpg\" alt=\"\" class=\"wp-image-86\" width=\"117\" height=\"94\" srcset=\"https:\/\/etienne-chauffage.fr\/wp-content\/uploads\/2020\/03\/logo-qualibat-rge-1024x819.jpg 1024w, https:\/\/etienne-chauffage.fr\/wp-content\/uploads\/2020\/03\/logo-qualibat-rge-300x240.jpg 300w, https:\/\/etienne-chauffage.fr\/wp-content\/uploads\/2020\/03\/logo-qualibat-rge-768x614.jpg 768w, https:\/\/etienne-chauffage.fr\/wp-content\/uploads\/2020\/03\/logo-qualibat-rge.jpg 1280w\" sizes=\"(max-width: 117px) 100vw, 117px\" \/><\/figure><\/div>\n\n\n\n<p><strong>QUALI BAT<\/strong><br><br><br><br><\/p>\n\n\n\n<div class=\"wp-block-image\"><figure class=\"alignleft is-resized\"><img loading=\"lazy\" src=\"http:\/\/etienne-chauffage.fr\/wp-content\/uploads\/2020\/03\/grdf.jpg\" alt=\"\" class=\"wp-image-85\" width=\"113\" height=\"90\"\/><\/figure><\/div>\n\n\n\n<p><strong>Professionnel du gaz (partenaire grdf)<\/strong><\/p>\n\n\n\n<p>Mise en service , entretien des \u00e9quipements <\/p>\n\n\n\n<p><strong><br><\/strong><\/p>\n","protected":false},"excerpt":{"rendered":"<p>Quali PAC Veritas, Mise en service, Entretien Quali Bois EAU Chaudi\u00e8re \u00e0 Granul\u00e9s, Plaquettes, B\u00fbches Quali Bois AIR Po\u00ebles \u00e0 bois QUALI BAT Professionnel du gaz (partenaire grdf) Mise en service , entretien des \u00e9quipements<\/p>\n","protected":false},"author":1,"featured_media":0,"parent":0,"menu_order":0,"comment_status":"closed","ping_status":"closed","template":"","meta":[],"_links":{"self":[{"href":"https:\/\/etienne-chauffage.fr\/index.php?rest_route=\/wp\/v2\/pages\/70"}],"collection":[{"href":"https:\/\/etienne-chauffage.fr\/index.php?rest_route=\/wp\/v2\/pages"}],"about":[{"href":"https:\/\/etienne-chauffage.fr\/index.php?rest_route=\/wp\/v2\/types\/page"}],"author":[{"embeddable":true,"href":"https:\/\/etienne-chauffage.fr\/index.php?rest_route=\/wp\/v2\/users\/1"}],"replies":[{"embeddable":true,"href":"https:\/\/etienne-chauffage.fr\/index.php?rest_route=%2Fwp%2Fv2%2Fcomments&post=70"}],"version-history":[{"count":21,"href":"https:\/\/etienne-chauffage.fr\/index.php?rest_route=\/wp\/v2\/pages\/70\/revisions"}],"predecessor-version":[{"id":107,"href":"https:\/\/etienne-chauffage.fr\/index.php?rest_route=\/wp\/v2\/pages\/70\/revisions\/107"}],"wp:attachment":[{"href":"https:\/\/etienne-chauffage.fr\/index.php?rest_route=%2Fwp%2Fv2%2Fmedia&parent=70"}],"curies":[{"name":"wp","href":"https:\/\/api.w.org\/{rel}","templated":true}]}}