{"id":52,"date":"2020-03-18T22:42:43","date_gmt":"2020-03-18T21:42:43","guid":{"rendered":"http:\/\/etienne-chauffage.fr\/?page_id=52"},"modified":"2020-03-18T23:03:40","modified_gmt":"2020-03-18T22:03:40","slug":"electricite","status":"publish","type":"page","link":"https:\/\/etienne-chauffage.fr\/?page_id=52","title":{"rendered":"\u00c9lectricit\u00e9"},"content":{"rendered":"\n<p>Habitat Neuf &amp; R\u00e9novation<\/p>\n\n\n\n<p>\u00c9clairage &amp; \u00c9quipements<\/p>\n\n\n\n<p>Ext\u00e9rieurs<\/p>\n\n\n\n<p>Syst\u00e8me de s\u00e9curit\u00e9<\/p>\n\n\n\n<p>Domotique<\/p>\n\n\n\n<p>D\u00e9pannage<\/p>\n","protected":false},"excerpt":{"rendered":"<p>Habitat Neuf &amp; R\u00e9novation \u00c9clairage &amp; \u00c9quipements Ext\u00e9rieurs Syst\u00e8me de s\u00e9curit\u00e9 Domotique D\u00e9pannage<\/p>\n","protected":false},"author":1,"featured_media":57,"parent":0,"menu_order":0,"comment_status":"closed","ping_status":"closed","template":"","meta":[],"_links":{"self":[{"href":"https:\/\/etienne-chauffage.fr\/index.php?rest_route=\/wp\/v2\/pages\/52"}],"collection":[{"href":"https:\/\/etienne-chauffage.fr\/index.php?rest_route=\/wp\/v2\/pages"}],"about":[{"href":"https:\/\/etienne-chauffage.fr\/index.php?rest_route=\/wp\/v2\/types\/page"}],"author":[{"embeddable":true,"href":"https:\/\/etienne-chauffage.fr\/index.php?rest_route=\/wp\/v2\/users\/1"}],"replies":[{"embeddable":true,"href":"https:\/\/etienne-chauffage.fr\/index.php?rest_route=%2Fwp%2Fv2%2Fcomments&post=52"}],"version-history":[{"count":1,"href":"https:\/\/etienne-chauffage.fr\/index.php?rest_route=\/wp\/v2\/pages\/52\/revisions"}],"predecessor-version":[{"id":54,"href":"https:\/\/etienne-chauffage.fr\/index.php?rest_route=\/wp\/v2\/pages\/52\/revisions\/54"}],"wp:featuredmedia":[{"embeddable":true,"href":"https:\/\/etienne-chauffage.fr\/index.php?rest_route=\/wp\/v2\/media\/57"}],"wp:attachment":[{"href":"https:\/\/etienne-chauffage.fr\/index.php?rest_route=%2Fwp%2Fv2%2Fmedia&parent=52"}],"curies":[{"name":"wp","href":"https:\/\/api.w.org\/{rel}","templated":true}]}}